{"id":1215,"date":"2020-08-30T11:48:08","date_gmt":"2020-08-30T09:48:08","guid":{"rendered":"http:\/\/test.josefgopp.de\/?page_id=1215"},"modified":"2020-09-15T10:20:38","modified_gmt":"2020-09-15T08:20:38","slug":"team","status":"publish","type":"page","link":"https:\/\/test.josefgopp.de\/?page_id=1215","title":{"rendered":"Team"},"content":{"rendered":"[vc_row full_width=&#8220;stretch_row_content&#8220; equal_height=&#8220;yes&#8220; tablet_fullwidth_cols=&#8220;yes&#8220; css=&#8220;.vc_custom_1599732642468{padding-top: 50px !important;}&#8220;][vc_column]<h1 class=\"vcex-module vcex-heading vcex-heading-plain\" style=\"color:#000000;font-size:40px;font-weight:700;text-transform:uppercase;\"><span class=\"vcex-heading-inner clr\">Unser Team<\/span><\/h1>[\/vc_column][\/vc_row][vc_row full_width=&#8220;stretch_row_content&#8220; equal_height=&#8220;yes&#8220; min_height=&#8220;550px&#8220; css=&#8220;.vc_custom_1598803862852{margin-left: 270px !important;}&#8220;][vc_column width=&#8220;1\/2&#8243; css=&#8220;.vc_custom_1598795119172{padding-top: 40px !important;padding-right: 40px !important;padding-bottom: 40px !important;padding-left: 40px !important;background-color: #f7f7f6 !important;}&#8220;]<h1 class=\"vcex-module vcex-heading vcex-heading-plain\" style=\"color:#dfce87;font-size:35px;font-weight:700;text-transform:uppercase;\"><span class=\"vcex-heading-inner clr\">Josef Gopp<\/span><\/h1>[vc_empty_space][vc_column_text]\n<p class=\"bodytext\"><span style=\"font-size: 18px; font-family: arial, helvetica, sans-serif;\">Josef Gopp schloss seine Ausbildung als Metallblasinstrumentenmacher 1990 ab und nahm zun\u00e4chst eine Stelle in der unterfr\u00e4nkischen Heimat an. 1999 legte er die Meisterpr\u00fcfung als Jahrgangsbester ab und erweiterte seinen Horizont bei Besuchen von Instrumenten- bauern in England, Frankreich und der Schweiz. Im Jahre 2000 gr\u00fcndete er Josef Gopp Meisterinstrumente und entwickelte eine beachtliche Instrumentenlinie von der Trompete bis zur Kontrabassposaune. Bl\u00e4serisch ist er mit Posaune, Euphonium und Basstrompete in seinem Quartett \u201eKlangk\u00f6rper\u201c aktiv.<\/span><\/p>\n[\/vc_column_text][\/vc_column][vc_column width=&#8220;1\/2&#8243; css=&#8220;.vc_custom_1599647015036{padding-top: 40px !important;padding-right: 40px !important;padding-bottom: 40px !important;padding-left: 40px !important;background-image: url(https:\/\/test.josefgopp.de\/wp-content\/uploads\/2020\/09\/Team_Josef.jpg?id=1335) !important;background-position: center !important;background-repeat: no-repeat !important;background-size: cover !important;}&#8220;][\/vc_column][\/vc_row][vc_row full_width=&#8220;stretch_row_content&#8220; equal_height=&#8220;yes&#8220; min_height=&#8220;550px&#8220;][vc_column width=&#8220;1\/2&#8243; css=&#8220;.vc_custom_1599647040478{padding-top: 40px !important;padding-right: 40px !important;padding-bottom: 40px !important;padding-left: 40px !important;background-image: url(https:\/\/test.josefgopp.de\/wp-content\/uploads\/2020\/09\/Team_Sonja.jpg?id=1337) !important;background-position: center !important;background-repeat: no-repeat !important;background-size: cover !important;}&#8220;][\/vc_column][vc_column width=&#8220;1\/2&#8243; css=&#8220;.vc_custom_1598795300279{padding-top: 40px !important;padding-right: 40px !important;padding-bottom: 40px !important;padding-left: 40px !important;background-color: #f7f7f6 !important;}&#8220;]<h1 class=\"vcex-module vcex-heading vcex-heading-plain\" style=\"color:#dfce87;font-size:35px;font-weight:700;text-transform:uppercase;\"><span class=\"vcex-heading-inner clr\">Sonja Gopp<\/span><\/h1>[vc_empty_space][vc_column_text]\n<p class=\"bodytext\"><span style=\"font-size: 18px; font-family: arial, helvetica, sans-serif;\">Sonja Gopp ist f\u00fcr alle Fragen rund um die finanziellen Belange zust\u00e4ndig sowie das Wohlergehen der Belegschaft und sorgt zudem f\u00fcr ein harmonisches\u00a0 Betriebsklima.<\/span><\/p>\n[\/vc_column_text][\/vc_column][\/vc_row][vc_row full_width=&#8220;stretch_row_content&#8220; equal_height=&#8220;yes&#8220; min_height=&#8220;550px&#8220;][vc_column width=&#8220;1\/2&#8243; css=&#8220;.vc_custom_1598795119172{padding-top: 40px !important;padding-right: 40px !important;padding-bottom: 40px !important;padding-left: 40px !important;background-color: #f7f7f6 !important;}&#8220;]<h1 class=\"vcex-module vcex-heading vcex-heading-plain\" style=\"color:#dfce87;font-size:35px;font-weight:700;text-transform:uppercase;\"><span class=\"vcex-heading-inner clr\">Moritz N\u00e4tscher<\/span><\/h1>[vc_empty_space][vc_column_text]\n<p class=\"bodytext\"><span style=\"font-size: 18px; font-family: arial, helvetica, sans-serif;\">Moritz N\u00e4tscher stammt aus Wombach bei Lohr und war vor seiner Ausbildung bei Josef Gopp Meisterinstrumente als Tubist im Heeresmusikkorps Veitsh\u00f6chheim. Moritz ist bei der Wombacher Blasmusik und dem Kreisjugendorchester Main-Spessart als Tubist aktiv sowie bei verschiedenen Formationen.<\/span><\/p>\n[\/vc_column_text][\/vc_column][vc_column width=&#8220;1\/2&#8243; css=&#8220;.vc_custom_1599647052421{padding-top: 40px !important;padding-right: 40px !important;padding-bottom: 40px !important;padding-left: 40px !important;background-image: url(https:\/\/test.josefgopp.de\/wp-content\/uploads\/2020\/09\/Team_Moritz.jpg?id=1336) !important;background-position: center !important;background-repeat: no-repeat !important;background-size: cover !important;}&#8220;][\/vc_column][\/vc_row][vc_row full_width=&#8220;stretch_row_content&#8220; equal_height=&#8220;yes&#8220; min_height=&#8220;550px&#8220;][vc_column width=&#8220;1\/2&#8243; css=&#8220;.vc_custom_1599647063995{padding-top: 40px !important;padding-right: 40px !important;padding-bottom: 40px !important;padding-left: 40px !important;background-image: url(https:\/\/test.josefgopp.de\/wp-content\/uploads\/2020\/09\/Team_Franzi.jpg?id=1339) !important;background-position: center !important;background-repeat: no-repeat !important;background-size: cover !important;}&#8220;][\/vc_column][vc_column width=&#8220;1\/2&#8243; css=&#8220;.vc_custom_1598795300279{padding-top: 40px !important;padding-right: 40px !important;padding-bottom: 40px !important;padding-left: 40px !important;background-color: #f7f7f6 !important;}&#8220;]<h1 class=\"vcex-module vcex-heading vcex-heading-plain\" style=\"color:#dfce87;font-size:35px;font-weight:700;text-transform:uppercase;\"><span class=\"vcex-heading-inner clr\">Franziska Eich<\/span><\/h1>[vc_empty_space][vc_column_text]\n<p class=\"bodytext\">Franzi zog es nach dem Abitur nach Bad K\u00f6nigshofen in die Berufsfachschule f\u00fcr Musik. Nach der Fachschule begann sie im Jahre 2016 die Ausbildung zur Metallblasinstrumentenmacherin, die sie als 2. Landessiegerin sehr erfolgreich abschloss. Franzi musiziert mit der Kolpingkapelle Leidersbach, dem Elterw\u00e4lder Blech und im Kreisjugendorchester Main-Spessart.<\/p>\n[\/vc_column_text][\/vc_column][\/vc_row][vc_row full_width=&#8220;stretch_row_content&#8220; equal_height=&#8220;yes&#8220; min_height=&#8220;550px&#8220;][vc_column width=&#8220;1\/2&#8243; css=&#8220;.vc_custom_1598795119172{padding-top: 40px !important;padding-right: 40px !important;padding-bottom: 40px !important;padding-left: 40px !important;background-color: #f7f7f6 !important;}&#8220;]<h1 class=\"vcex-module vcex-heading vcex-heading-plain\" style=\"color:#dfce87;font-size:35px;font-weight:700;text-transform:uppercase;\"><span class=\"vcex-heading-inner clr\">Kai Gemeinhardt<\/span><\/h1>[vc_empty_space][vc_column_text]\n<p class=\"bodytext\">Nach seinem Maschinenbaustudium entschied sich Kai f\u00fcr eine Ausbildung zum Metallblasinstrumentenmacher in unserer Werkstatt. Kai ist musikalisch in der Gegend um Fulda unterwegs wo er auch seinen Wohnsitz hat.<\/p>\n[\/vc_column_text][\/vc_column][vc_column width=&#8220;1\/2&#8243; css=&#8220;.vc_custom_1599647074934{padding-top: 40px !important;padding-right: 40px !important;padding-bottom: 40px !important;padding-left: 40px !important;background-image: url(https:\/\/test.josefgopp.de\/wp-content\/uploads\/2020\/09\/Team_Kai.jpg?id=1338) !important;background-position: center !important;background-repeat: no-repeat !important;background-size: cover !important;}&#8220;][\/vc_column][\/vc_row]\n","protected":false},"excerpt":{"rendered":"<p>[vc_row full_width=&#8220;stretch_row_content&#8220; equal_height=&#8220;yes&#8220; tablet_fullwidth_cols=&#8220;yes&#8220; css=&#8220;.vc_custom_1599732642468{padding-top: 50px !important;}&#8220;][vc_column][\/vc_column][\/vc_row][vc_row full_width=&#8220;stretch_row_content&#8220; equal_height=&#8220;yes&#8220; min_height=&#8220;550px&#8220; css=&#8220;.vc_custom_1598803862852{margin-left: 270px !important;}&#8220;][vc_column width=&#8220;1\/2&#8243; css=&#8220;.vc_custom_1598795119172{padding-top: 40px !important;padding-right: 40px !important;padding-bottom: 40px !important;padding-left: 40px !important;background-color: #f7f7f6 !important;}&#8220;][vc_empty_space][vc_column_text] Josef Gopp schloss seine Ausbildung als Metallblasinstrumentenmacher 1990 ab und nahm zun\u00e4chst eine Stelle in&hellip;<\/p>\n","protected":false},"author":1,"featured_media":0,"parent":0,"menu_order":0,"comment_status":"closed","ping_status":"closed","template":"","meta":[],"_links":{"self":[{"href":"https:\/\/test.josefgopp.de\/index.php?rest_route=\/wp\/v2\/pages\/1215"}],"collection":[{"href":"https:\/\/test.josefgopp.de\/index.php?rest_route=\/wp\/v2\/pages"}],"about":[{"href":"https:\/\/test.josefgopp.de\/index.php?rest_route=\/wp\/v2\/types\/page"}],"author":[{"embeddable":true,"href":"https:\/\/test.josefgopp.de\/index.php?rest_route=\/wp\/v2\/users\/1"}],"replies":[{"embeddable":true,"href":"https:\/\/test.josefgopp.de\/index.php?rest_route=%2Fwp%2Fv2%2Fcomments&post=1215"}],"version-history":[{"count":16,"href":"https:\/\/test.josefgopp.de\/index.php?rest_route=\/wp\/v2\/pages\/1215\/revisions"}],"predecessor-version":[{"id":1494,"href":"https:\/\/test.josefgopp.de\/index.php?rest_route=\/wp\/v2\/pages\/1215\/revisions\/1494"}],"wp:attachment":[{"href":"https:\/\/test.josefgopp.de\/index.php?rest_route=%2Fwp%2Fv2%2Fmedia&parent=1215"}],"curies":[{"name":"wp","href":"https:\/\/api.w.org\/{rel}","templated":true}]}}