{"id":1297,"date":"2020-08-31T10:48:36","date_gmt":"2020-08-31T08:48:36","guid":{"rendered":"https:\/\/test.josefgopp.de\/?page_id=1297"},"modified":"2020-09-10T12:12:21","modified_gmt":"2020-09-10T10:12:21","slug":"impressum-2","status":"publish","type":"page","link":"https:\/\/test.josefgopp.de\/?page_id=1297","title":{"rendered":"Impressum"},"content":{"rendered":"[vc_row full_width=&#8220;stretch_row_content&#8220; equal_height=&#8220;yes&#8220; tablet_fullwidth_cols=&#8220;yes&#8220; css=&#8220;.vc_custom_1599732722826{padding-top: 50px !important;}&#8220;][vc_column]<h1 class=\"vcex-module vcex-heading vcex-heading-plain\" style=\"color:#000000;font-size:40px;font-weight:700;text-transform:uppercase;\"><span class=\"vcex-heading-inner clr\">IMPRESSUM &amp; DATENSCHUTZ<\/span><\/h1>[\/vc_column][\/vc_row][vc_row full_width=&#8220;stretch_row_content&#8220; content_placement=&#8220;top&#8220; equal_height=&#8220;yes&#8220; min_height=&#8220;550px&#8220; css=&#8220;.vc_custom_1599732729087{margin-left: 270px !important;}&#8220;][vc_column width=&#8220;1\/3&#8243; css=&#8220;.vc_custom_1598795119172{padding-top: 40px !important;padding-right: 40px !important;padding-bottom: 40px !important;padding-left: 40px !important;background-color: #f7f7f6 !important;}&#8220;]<h1 class=\"vcex-module vcex-heading vcex-heading-plain\" style=\"color:#dfce87;font-size:35px;font-weight:700;text-transform:uppercase;\"><span class=\"vcex-heading-inner clr\">Inhaber<\/span><\/h1>[vc_column_text]\n<div class=\"wpb_text_column wpb_content_element \">\n<div class=\"wpb_wrapper\">\n<p><span style=\"font-size: 18px; font-family: Roboto;\"><strong>Josef Gopp Meisterinstrumente<\/strong><\/span><br \/>\n<span style=\"font-size: 18px; font-family: Roboto;\">Verantwortlich nach \u00a7 6 Abs.2 MDStV<\/span><br \/>\n<span style=\"font-size: 18px; font-family: Roboto;\">und Inhaber der Domain www.josefgopp.de<\/span><\/p>\n<p><strong><span style=\"font-size: 18px; font-family: Roboto;\">Vertreten durch<\/span><\/strong><\/p>\n<p><span style=\"font-size: 18px; font-family: Roboto;\">Herrn Josef Gopp<\/span><br \/>\n<span style=\"font-size: 18px; font-family: Roboto;\">Hallgartenstra\u00dfe 14<\/span><br \/>\n<span style=\"font-size: 18px; font-family: Roboto;\">97753 Karlstadt-Wiesenfeld<\/span><\/p>\n<p><span style=\"font-size: 18px; font-family: Roboto;\">Telefon: +49 (0) 9359\u00a090\u00a088 00<\/span><br \/>\n<span style=\"font-size: 18px; font-family: Roboto;\">Fax: +49 (0) 9359 90 88 80 08<\/span><br \/>\n<span style=\"font-size: 18px; font-family: Roboto;\">E-Mail: info@josefgopp.de<\/span><\/p>\n<\/div>\n<\/div>\n[\/vc_column_text][\/vc_column][vc_column width=&#8220;2\/3&#8243; css=&#8220;.vc_custom_1598864006171{padding-top: 40px !important;padding-right: 40px !important;padding-bottom: 40px !important;padding-left: 40px !important;background-position: center !important;background-repeat: no-repeat !important;background-size: cover !important;}&#8220;]<h1 class=\"vcex-module vcex-heading vcex-heading-plain\" style=\"color:#dfce87;font-size:35px;font-weight:700;text-transform:uppercase;\"><span class=\"vcex-heading-inner clr\">Urheberrecht<\/span><\/h1>[vc_empty_space height=&#8220;20px&#8220;][vc_column_text]\n<div class=\"wpb_text_column wpb_content_element \">\n<div class=\"wpb_wrapper\">\n<p><span style=\"font-size: 18px; font-family: Roboto;\">Die Ver\u00f6ffentlichungen auf diesen Seiten unterliegen dem deutschen Urheberrecht. Vervielf\u00e4ltigung, Bearbeitung und jede Art der Verwertung au\u00dferhalb der Grenzen des Urheberrechtes bed\u00fcrfen der schriftlichen Zustimmung von\u00a0Josef Gopp Meisterinstrumente<\/span><\/p>\n<\/div>\n<\/div>\n[\/vc_column_text][vc_empty_space height=&#8220;20px&#8220;]<h1 class=\"vcex-module vcex-heading vcex-heading-plain\" style=\"color:#dfce87;font-size:35px;font-weight:700;text-transform:uppercase;\"><span class=\"vcex-heading-inner clr\">Haftung f\u00fcr Links<\/span><\/h1>[vc_empty_space height=&#8220;20px&#8220;][vc_column_text]\n<div class=\"wpb_text_column wpb_content_element \">\n<div class=\"wpb_wrapper\">\n<p><span style=\"font-size: 18px; font-family: Roboto;\">Die aufgef\u00fchrten externen Links f\u00fchren zu Inhalten fremder Anbieter. F\u00fcr diese Inhalte ist der jeweilige Anbieter verantwortlich.<\/span><\/p>\n<\/div>\n<\/div>\n[\/vc_column_text][vc_empty_space height=&#8220;20px&#8220;]<h1 class=\"vcex-module vcex-heading vcex-heading-plain\" style=\"color:#dfce87;font-size:35px;font-weight:700;text-transform:uppercase;\"><span class=\"vcex-heading-inner clr\">Haftung f\u00fcr Inhalte<\/span><\/h1>[vc_column_text]\n<div class=\"wpb_text_column wpb_content_element \">\n<div class=\"wpb_wrapper\">\n<p><span style=\"font-size: 18px; font-family: Roboto;\">Die Informationen auf dieser Seite sind allgemeiner und informativer Art. Die Inhalte dieser Seiten werden mit gr\u00f6\u00dfter Sorgfalt erstellt. F\u00fcr Richtigkeit, Vollst\u00e4ndigkeit und Aktualit\u00e4t dieser Inhalte kann jedoch keine Haftung \u00fcbernommen werden.<\/span><\/p>\n<\/div>\n<\/div>\n[\/vc_column_text][vc_empty_space height=&#8220;20px&#8220;][\/vc_column][\/vc_row][vc_row full_width=&#8220;stretch_row_content&#8220; equal_height=&#8220;yes&#8220; min_height=&#8220;550px&#8220;][vc_column css=&#8220;.vc_custom_1598807046989{background-position: center !important;background-repeat: no-repeat !important;background-size: cover !important;}&#8220;]<h1 class=\"vcex-module vcex-heading vcex-heading-plain\" style=\"color:#dfce87;font-size:35px;font-weight:700;text-transform:uppercase;\"><span class=\"vcex-heading-inner clr\">EU-Datenschutz-Grundverordnung (DSGVO)<\/span><\/h1>[vc_empty_space][vc_column_text]\n<div class=\"wpb_text_column wpb_content_element \">\n<div class=\"wpb_wrapper\">\n<p><span style=\"font-size: 18px; font-family: Roboto;\">Zum 25. Mai 2018 werden die gesteigerten Transparenzanforderungen der EU-Datenschutz-Grundverordnung (DSGVO) umgesetzt. Wir verarbeiten personenbezogene Daten im Einklang mit den Bestimmungen der Europ\u00e4ischen Datenschutz-Grundverordnung (DSGVO) und dem Bundesdatenschutz (BDSG) ausschlie\u00dflich zur Erf\u00fcllung von vertraglichen Pflichten (Art. 6 Abs. 1 b DSGVO) und aufgrund gesetzlicher Vorgaben (Art. 6 Abs. 1 c DSGVO) oder im \u00f6ffentlichen Interesse (Art. 6 Abs. 1 e DSGVO).<\/span><\/p>\n<\/div>\n<\/div>\n[\/vc_column_text][vc_empty_space]<h1 class=\"vcex-module vcex-heading vcex-heading-plain\" style=\"color:#dfce87;font-size:35px;font-weight:700;text-transform:uppercase;\"><span class=\"vcex-heading-inner clr\">Google Analytics-Datenschutzerkl\u00e4rung<\/span><\/h1>[vc_empty_space][vc_column_text]\n<div class=\"wpb_text_column wpb_content_element \">\n<div class=\"wpb_wrapper\">\n<p><span style=\"font-size: 18px; font-family: Roboto;\">Diese Website benutzt Google Analytics, einen Webanalysedienst der Google Inc. (\u201eGoogle\u201c). Die Benutzung erfolgt auf der Grundlage des Art. 6 Abs. 1 S. 1 lit. f. DSGVO. Google Analytics verwendet sog. \u201eCookies\u201c, Textdateien, die auf Ihrem Computer gespeichert werden und die eine Analyse der Benutzung der Webseite durch Sie erm\u00f6glichen. Die durch den Cookie erzeugten Informationen \u00fcber Ihre Benutzung der Webseite wie<\/span><\/p>\n<ul>\n<li><span style=\"font-size: 18px; font-family: Roboto;\">Browser-Typ\/-Version,<\/span><\/li>\n<li><span style=\"font-size: 18px; font-family: Roboto;\">verwendetes Betriebssystem,<\/span><\/li>\n<li><span style=\"font-size: 18px; font-family: Roboto;\">Referrer-URL (die zuvor besuchte Seite),<\/span><\/li>\n<li><span style=\"font-size: 18px; font-family: Roboto;\">Hostname des zugreifenden Rechners (IP-Adresse),<\/span><\/li>\n<li><span style=\"font-size: 18px; font-family: Roboto;\">Uhrzeit der Serveranfrage<\/span><\/li>\n<\/ul>\n<p><span style=\"font-size: 18px; font-family: Roboto;\">werden in der Regel an einen Server von Google in den USA \u00fcbertragen und dort gespeichert. Die im Rahmen von Google Analytics von Ihrem Browser \u00fcbermittelte IP-Adresse wird nicht mit anderen Daten von Google zusammengef\u00fchrt. Wir haben zudem auf dieser Webseite Google Analytics um den Code \u201eanonymizeIP\u201c erweitert. Dies garantiert die Maskierung Ihrer IP-Adresse, sodass alle Daten anonym erhoben werden. Nur in Ausnahmef\u00e4llen wird die volle IP-Adresse an einen Server von Google in den USA \u00fcbertragen und dort gek\u00fcrzt.<\/span><\/p>\n<p><span style=\"font-size: 18px; font-family: Roboto;\">Im Auftrag des Betreibers dieser Website wird Google diese Information benutzen, um Ihre Nutzung der Webseite auszuwerten, um Reports \u00fcber die Webseiten-Aktivit\u00e4ten zusammenzustellen und um weitere mit der Webseiten-Nutzung und der Internetnutzung verbundene Dienstleistungen gegen\u00fcber dem Webseitenbetreiber zu erbringen. Sie k\u00f6nnen die Speicherung der Cookies durch eine entsprechende Einstellung Ihrer Browser-Software verhindern; wir weisen Sie jedoch darauf hin, dass Sie in diesem Fall m\u00f6glicherweise nicht s\u00e4mtliche Funktionen dieser Webseite vollumf\u00e4nglich werden nutzen k\u00f6nnen.<\/span><\/p>\n<p><span style=\"font-size: 18px; font-family: Roboto;\">Sie k\u00f6nnen dar\u00fcber hinaus die Erfassung der durch das Cookie erzeugten und auf Ihre Nutzung der Webseite bezogenen Daten (inkl. Ihrer IP-Adresse) an Google sowie die Verarbeitung dieser Daten durch Google verhindern, indem sie das unter dem folgenden Link verf\u00fcgbare Browser-Plugin herunterladen und installieren:\u00a0<a href=\"http:\/\/tools.google.com\/dlpage\/gaoptout?hl=de\">http:\/\/tools.google.com\/dlpage\/gaoptout?hl=de<\/a>. Alternativ zum Browser-Add-On, insbesondere bei Browsern auf mobilen Endger\u00e4ten, k\u00f6nnen Sie die Erfassung durch Google Analytics zudem verhindern, indem Sie\u00a0auf diesen Link klicken. Es wird ein Opt-Out-Cookie gesetzt, das die zuk\u00fcnftige Erfassung Ihrer Daten beim Besuch dieser Website verhindert. Der Opt-Out-Cookie gilt nur in diesem Browser und nur f\u00fcr unsere Website und wird auf Ihrem Ger\u00e4t abgelegt. L\u00f6schen Sie die Cookies in diesem Browser, m\u00fcssen Sie das Opt-Out-Cookie erneut setzen. [Anm. Hinweise zur Einbindung des Opt-Out-Cookie finden Sie unter: https:\/\/developers.google.com\/analytics\/devguides\/collection\/gajs\/?hl=de#disable].<\/span><\/p>\n<p><span style=\"font-size: 18px; font-family: Roboto;\">Wir nutzen Google Analytics weiterhin dazu, Daten aus Double-Click-Cookies und auch AdWords zu statistischen Zwecken auszuwerten. Sollten Sie dies nicht w\u00fcnschen, k\u00f6nnen Sie dies \u00fcber den Anzeigenvorgaben-Manager (<a href=\"http:\/\/www.google.com\/settings\/ads\/onweb\/?hl=de\">http:\/\/www.google.com\/settings\/ads\/onweb\/?hl=de<\/a>) deaktivieren.<\/span><\/p>\n<p><span style=\"font-size: 18px; font-family: Roboto;\">Weitere Informationen zum Datenschutz im Zusammenhang mit Google Analytics finden Sie etwa in der Google Analytics-Hilfe (<a href=\"https:\/\/support.google.com\/analytics\/answer\/6004245?hl=de\">https:\/\/support.google.com\/analytics\/answer\/6004245?hl=de<\/a>).<\/span><\/p>\n<\/div>\n<\/div>\n[\/vc_column_text][\/vc_column][\/vc_row]\n","protected":false},"excerpt":{"rendered":"<p>[vc_row full_width=&#8220;stretch_row_content&#8220; equal_height=&#8220;yes&#8220; tablet_fullwidth_cols=&#8220;yes&#8220; css=&#8220;.vc_custom_1599732722826{padding-top: 50px !important;}&#8220;][vc_column][\/vc_column][\/vc_row][vc_row full_width=&#8220;stretch_row_content&#8220; content_placement=&#8220;top&#8220; equal_height=&#8220;yes&#8220; min_height=&#8220;550px&#8220; css=&#8220;.vc_custom_1599732729087{margin-left: 270px !important;}&#8220;][vc_column width=&#8220;1\/3&#8243; css=&#8220;.vc_custom_1598795119172{padding-top: 40px !important;padding-right: 40px !important;padding-bottom: 40px !important;padding-left: 40px !important;background-color: #f7f7f6 !important;}&#8220;][vc_column_text] Josef Gopp Meisterinstrumente Verantwortlich nach \u00a7 6 Abs.2 MDStV und Inhaber der Domain www.josefgopp.de&hellip;<\/p>\n","protected":false},"author":1,"featured_media":0,"parent":0,"menu_order":0,"comment_status":"closed","ping_status":"closed","template":"","meta":[],"_links":{"self":[{"href":"https:\/\/test.josefgopp.de\/index.php?rest_route=\/wp\/v2\/pages\/1297"}],"collection":[{"href":"https:\/\/test.josefgopp.de\/index.php?rest_route=\/wp\/v2\/pages"}],"about":[{"href":"https:\/\/test.josefgopp.de\/index.php?rest_route=\/wp\/v2\/types\/page"}],"author":[{"embeddable":true,"href":"https:\/\/test.josefgopp.de\/index.php?rest_route=\/wp\/v2\/users\/1"}],"replies":[{"embeddable":true,"href":"https:\/\/test.josefgopp.de\/index.php?rest_route=%2Fwp%2Fv2%2Fcomments&post=1297"}],"version-history":[{"count":3,"href":"https:\/\/test.josefgopp.de\/index.php?rest_route=\/wp\/v2\/pages\/1297\/revisions"}],"predecessor-version":[{"id":1413,"href":"https:\/\/test.josefgopp.de\/index.php?rest_route=\/wp\/v2\/pages\/1297\/revisions\/1413"}],"wp:attachment":[{"href":"https:\/\/test.josefgopp.de\/index.php?rest_route=%2Fwp%2Fv2%2Fmedia&parent=1297"}],"curies":[{"name":"wp","href":"https:\/\/api.w.org\/{rel}","templated":true}]}}